{"id":21,"date":"2016-05-28T09:06:44","date_gmt":"2016-05-28T09:06:44","guid":{"rendered":"http:\/\/www.daenzer-dachundholz.ch\/html\/?page_id=21"},"modified":"2022-11-30T13:15:25","modified_gmt":"2022-11-30T13:15:25","slug":"ueber-uns","status":"publish","type":"page","link":"https:\/\/www.daenzer-dachundholz.ch\/html\/ueber-uns\/","title":{"rendered":"\u00dcber uns"},"content":{"rendered":"<div id=\"pl-21\"  class=\"panel-layout\" ><div id=\"pg-21-0\"  class=\"panel-grid panel-no-style\" ><div id=\"pgc-21-0-0\"  class=\"panel-grid-cell\" ><div id=\"panel-21-0-0-0\" class=\"so-panel widget widget_text panel-first-child panel-last-child\" data-index=\"0\" >\t\t\t<div class=\"textwidget\"><div align=\"center\"><h2>Jubil\u00e4um<\/h2><\/div><\/div>\n\t\t<\/div><\/div><\/div><div id=\"pg-21-1\"  class=\"panel-grid panel-no-style\" ><div id=\"pgc-21-1-0\"  class=\"panel-grid-cell\" ><div id=\"panel-21-1-0-0\" class=\"so-panel widget widget_sow-image panel-first-child panel-last-child\" data-index=\"1\" ><div\n\t\t\t\n\t\t\tclass=\"so-widget-sow-image so-widget-sow-image-default-8b5b6f678277-21\"\n\t\t\t\n\t\t>\n<div class=\"sow-image-container\">\n\t\t<img \n\tsrc=\"https:\/\/www.daenzer-dachundholz.ch\/html\/wp-content\/uploads\/2022\/11\/FritzDaenzer-Mitarbeiterjubilaeum.jpg\" width=\"900\" height=\"600\" srcset=\"https:\/\/www.daenzer-dachundholz.ch\/html\/wp-content\/uploads\/2022\/11\/FritzDaenzer-Mitarbeiterjubilaeum.jpg 900w, https:\/\/www.daenzer-dachundholz.ch\/html\/wp-content\/uploads\/2022\/11\/FritzDaenzer-Mitarbeiterjubilaeum-300x200.jpg 300w, https:\/\/www.daenzer-dachundholz.ch\/html\/wp-content\/uploads\/2022\/11\/FritzDaenzer-Mitarbeiterjubilaeum-768x512.jpg 768w, https:\/\/www.daenzer-dachundholz.ch\/html\/wp-content\/uploads\/2022\/11\/FritzDaenzer-Mitarbeiterjubilaeum-150x100.jpg 150w, https:\/\/www.daenzer-dachundholz.ch\/html\/wp-content\/uploads\/2022\/11\/FritzDaenzer-Mitarbeiterjubilaeum-770x513.jpg 770w, https:\/\/www.daenzer-dachundholz.ch\/html\/wp-content\/uploads\/2022\/11\/FritzDaenzer-Mitarbeiterjubilaeum-272x182.jpg 272w\" sizes=\"(max-width: 900px) 100vw, 900px\" title=\"Jubil\u00e4um Fritz Senften - Fritz D\u00e4nzer Dach und Holz\" alt=\"Jubil\u00e4um Fritz Senften - Fritz D\u00e4nzer Dach und Holz\" \t\tclass=\"so-widget-image\"\/>\n\t<\/div>\n\n<\/div><\/div><\/div><div id=\"pgc-21-1-1\"  class=\"panel-grid-cell\" ><div id=\"panel-21-1-1-0\" class=\"so-panel widget widget_text panel-first-child panel-last-child\" data-index=\"2\" ><div class=\"panel-widget-style panel-widget-style-for-21-1-1-0\" >\t\t\t<div class=\"textwidget\"><p>Wir durften dieses Jahr ein Doppeljubil\u00e4um feiern. Einerseits das 30j\u00e4hrige Bestehen unserer Firma und andererseits sch\u00e4tzen wir uns gl\u00fccklich, seit 25 Jahren auf die wertvolle Mitarbeit von Fritz Senften z\u00e4hlen zu d\u00fcrfen.<\/p>\n<p>Wir hoffen auf eine weiterhin erfolgreiche Zukunft und gute Zusammenarbeit.<\/p>\n<p>Herzlichen DANK an unsere werte Kundschaft!<\/p>\n<\/div>\n\t\t<\/div><\/div><\/div><\/div><div id=\"pg-21-2\"  class=\"panel-grid panel-no-style\" ><div id=\"pgc-21-2-0\"  class=\"panel-grid-cell panel-grid-cell-empty\" ><\/div><\/div><div id=\"pg-21-3\"  class=\"panel-grid panel-no-style\" ><div id=\"pgc-21-3-0\"  class=\"panel-grid-cell\" ><div id=\"panel-21-3-0-0\" class=\"so-panel widget widget_text panel-first-child panel-last-child\" data-index=\"3\" >\t\t\t<div class=\"textwidget\"><div align=\"center\"><h2>Geschichte<\/h2><\/div><\/div>\n\t\t<\/div><\/div><\/div><div id=\"pg-21-4\"  class=\"panel-grid panel-no-style\" ><div id=\"pgc-21-4-0\"  class=\"panel-grid-cell\" ><div id=\"panel-21-4-0-0\" class=\"so-panel widget widget_sow-image panel-first-child panel-last-child\" data-index=\"4\" ><div\n\t\t\t\n\t\t\tclass=\"so-widget-sow-image so-widget-sow-image-default-8b5b6f678277-21\"\n\t\t\t\n\t\t>\n<div class=\"sow-image-container\">\n\t\t<img \n\tsrc=\"https:\/\/www.daenzer-dachundholz.ch\/html\/wp-content\/uploads\/2016\/05\/d\u00e4nzer_digital_001.jpg\" width=\"900\" height=\"600\" srcset=\"https:\/\/www.daenzer-dachundholz.ch\/html\/wp-content\/uploads\/2016\/05\/d\u00e4nzer_digital_001.jpg 900w, https:\/\/www.daenzer-dachundholz.ch\/html\/wp-content\/uploads\/2016\/05\/d\u00e4nzer_digital_001-300x200.jpg 300w, https:\/\/www.daenzer-dachundholz.ch\/html\/wp-content\/uploads\/2016\/05\/d\u00e4nzer_digital_001-768x512.jpg 768w, https:\/\/www.daenzer-dachundholz.ch\/html\/wp-content\/uploads\/2016\/05\/d\u00e4nzer_digital_001-150x100.jpg 150w, https:\/\/www.daenzer-dachundholz.ch\/html\/wp-content\/uploads\/2016\/05\/d\u00e4nzer_digital_001-770x513.jpg 770w, https:\/\/www.daenzer-dachundholz.ch\/html\/wp-content\/uploads\/2016\/05\/d\u00e4nzer_digital_001-272x182.jpg 272w\" sizes=\"(max-width: 900px) 100vw, 900px\" title=\"Fritz D\u00e4nzer - Ueber uns - Start\" alt=\"Fritz D\u00e4nzer - Ueber uns - Start\" \t\tclass=\"so-widget-image\"\/>\n\t<\/div>\n\n<\/div><\/div><\/div><div id=\"pgc-21-4-1\"  class=\"panel-grid-cell\" ><div id=\"panel-21-4-1-0\" class=\"so-panel widget widget_text panel-first-child panel-last-child\" data-index=\"5\" >\t\t\t<div class=\"textwidget\"><p>Mit der Einmietung in die Schreiner-Werkstatt meines Cousins in Schwarzenmatt im Jahr 1992, legten wir den Grundstein f\u00fcr unseren Holzbaubetrieb. Dort arbeitete ich vorerst mit meinem Vater und einem Teilzeitmitarbeiter. <\/p>\n<p>Dank guter Auftragslage konnten wir im M\u00e4rz 1997 einen weiteren Facharbeiter in unserem Betrieb einstellen.<br \/>\n&nbsp;<\/p>\n<\/div>\n\t\t<\/div><\/div><\/div><div id=\"pg-21-5\"  class=\"panel-grid panel-no-style\" ><div id=\"pgc-21-5-0\"  class=\"panel-grid-cell\" ><div id=\"panel-21-5-0-0\" class=\"so-panel widget widget_text panel-first-child panel-last-child\" data-index=\"6\" >\t\t\t<div class=\"textwidget\"><p>10 Jahre sp\u00e4ter er\u00f6ffneten wir in Reidenbach unsere eigene Holzbau-Werkstatt, wo wir heute als Zweimann-Betrieb mit Teilzeitmitarbeitern die W\u00fcnsche unserer Kunden realisieren.<br \/>\n<strong>Qualit\u00e4t statt Quantit\u00e4t!<\/strong><\/p>\n<p>Das zeichnet unser Klein-Unternehmen aus. Wir bauen auf 30-j\u00e4hrige Erfahrung. Klein aber fein!<br \/>\n&nbsp;<br \/>\n&nbsp;<\/p>\n<\/div>\n\t\t<\/div><\/div><div id=\"pgc-21-5-1\"  class=\"panel-grid-cell\" ><div id=\"panel-21-5-1-0\" class=\"so-panel widget widget_sow-image panel-first-child panel-last-child\" data-index=\"7\" ><div\n\t\t\t\n\t\t\tclass=\"so-widget-sow-image so-widget-sow-image-default-8b5b6f678277-21\"\n\t\t\t\n\t\t>\n<div class=\"sow-image-container\">\n\t\t<img \n\tsrc=\"https:\/\/www.daenzer-dachundholz.ch\/html\/wp-content\/uploads\/2016\/05\/d\u00e4nzer_digital_003.jpg\" width=\"900\" height=\"600\" srcset=\"https:\/\/www.daenzer-dachundholz.ch\/html\/wp-content\/uploads\/2016\/05\/d\u00e4nzer_digital_003.jpg 900w, https:\/\/www.daenzer-dachundholz.ch\/html\/wp-content\/uploads\/2016\/05\/d\u00e4nzer_digital_003-300x200.jpg 300w, https:\/\/www.daenzer-dachundholz.ch\/html\/wp-content\/uploads\/2016\/05\/d\u00e4nzer_digital_003-768x512.jpg 768w, https:\/\/www.daenzer-dachundholz.ch\/html\/wp-content\/uploads\/2016\/05\/d\u00e4nzer_digital_003-150x100.jpg 150w, https:\/\/www.daenzer-dachundholz.ch\/html\/wp-content\/uploads\/2016\/05\/d\u00e4nzer_digital_003-770x513.jpg 770w, https:\/\/www.daenzer-dachundholz.ch\/html\/wp-content\/uploads\/2016\/05\/d\u00e4nzer_digital_003-272x182.jpg 272w\" sizes=\"(max-width: 900px) 100vw, 900px\" title=\"Fritz D\u00e4nzer - Ueber uns - Entwicklung\" alt=\"Fritz D\u00e4nzer - Ueber uns - Entwicklung\" \t\tclass=\"so-widget-image\"\/>\n\t<\/div>\n\n<\/div><\/div><\/div><\/div><div id=\"pg-21-6\"  class=\"panel-grid panel-no-style\" ><div id=\"pgc-21-6-0\"  class=\"panel-grid-cell panel-grid-cell-empty\" ><\/div><\/div><div id=\"pg-21-7\"  class=\"panel-grid panel-no-style\" ><div id=\"pgc-21-7-0\"  class=\"panel-grid-cell\" ><div id=\"panel-21-7-0-0\" class=\"so-panel widget widget_text panel-first-child panel-last-child\" data-index=\"8\" >\t\t\t<div class=\"textwidget\"><div align=\"center\"><h2>Unser Team<\/h2><\/div><\/div>\n\t\t<\/div><\/div><\/div><div id=\"pg-21-8\"  class=\"panel-grid panel-no-style\" ><div id=\"pgc-21-8-0\"  class=\"panel-grid-cell\" ><div id=\"panel-21-8-0-0\" class=\"so-panel widget widget_sow-image panel-first-child\" data-index=\"9\" ><div\n\t\t\t\n\t\t\tclass=\"so-widget-sow-image so-widget-sow-image-default-8b5b6f678277-21\"\n\t\t\t\n\t\t>\n<div class=\"sow-image-container\">\n\t\t<img \n\tsrc=\"https:\/\/www.daenzer-dachundholz.ch\/html\/wp-content\/uploads\/2017\/04\/portrait_fritz_d\u00e4nzer_n.jpg\" width=\"167\" height=\"251\" srcset=\"https:\/\/www.daenzer-dachundholz.ch\/html\/wp-content\/uploads\/2017\/04\/portrait_fritz_d\u00e4nzer_n.jpg 167w, https:\/\/www.daenzer-dachundholz.ch\/html\/wp-content\/uploads\/2017\/04\/portrait_fritz_d\u00e4nzer_n-100x150.jpg 100w\" sizes=\"(max-width: 167px) 100vw, 167px\" title=\"Fritz D\u00e4nzer - Inhaber\" alt=\"Fritz D\u00e4nzer - Inhaber\" \t\tclass=\"so-widget-image\"\/>\n\t<\/div>\n\n<\/div><\/div><div id=\"panel-21-8-0-1\" class=\"so-panel widget widget_text panel-last-child\" data-index=\"10\" ><h3 class=\"widget-title\">Fritz D\u00e4nzer<\/h3>\t\t\t<div class=\"textwidget\"><p>Inhaber<\/p>\n<\/div>\n\t\t<\/div><\/div><div id=\"pgc-21-8-1\"  class=\"panel-grid-cell\" ><div id=\"panel-21-8-1-0\" class=\"so-panel widget widget_sow-image panel-first-child\" data-index=\"11\" ><div\n\t\t\t\n\t\t\tclass=\"so-widget-sow-image so-widget-sow-image-default-8b5b6f678277-21\"\n\t\t\t\n\t\t>\n<div class=\"sow-image-container\">\n\t\t<img \n\tsrc=\"https:\/\/www.daenzer-dachundholz.ch\/html\/wp-content\/uploads\/2017\/04\/portrait_ruth_d\u00e4nzer_n.jpg\" width=\"167\" height=\"251\" srcset=\"https:\/\/www.daenzer-dachundholz.ch\/html\/wp-content\/uploads\/2017\/04\/portrait_ruth_d\u00e4nzer_n.jpg 167w, https:\/\/www.daenzer-dachundholz.ch\/html\/wp-content\/uploads\/2017\/04\/portrait_ruth_d\u00e4nzer_n-100x150.jpg 100w\" sizes=\"(max-width: 167px) 100vw, 167px\" title=\"Ruth D\u00e4nzer - Administration\" alt=\"Ruth D\u00e4nzer - Administration\" \t\tclass=\"so-widget-image\"\/>\n\t<\/div>\n\n<\/div><\/div><div id=\"panel-21-8-1-1\" class=\"so-panel widget widget_text panel-last-child\" data-index=\"12\" ><h3 class=\"widget-title\">Ruth D\u00e4nzer<\/h3>\t\t\t<div class=\"textwidget\">Administration<\/div>\n\t\t<\/div><\/div><div id=\"pgc-21-8-2\"  class=\"panel-grid-cell\" ><div id=\"panel-21-8-2-0\" class=\"so-panel widget widget_sow-image panel-first-child\" data-index=\"13\" ><div\n\t\t\t\n\t\t\tclass=\"so-widget-sow-image so-widget-sow-image-default-8b5b6f678277-21\"\n\t\t\t\n\t\t>\n<div class=\"sow-image-container\">\n\t\t<img \n\tsrc=\"https:\/\/www.daenzer-dachundholz.ch\/html\/wp-content\/uploads\/2017\/04\/portrait_fritz_arbeiter_n.jpg\" width=\"167\" height=\"251\" srcset=\"https:\/\/www.daenzer-dachundholz.ch\/html\/wp-content\/uploads\/2017\/04\/portrait_fritz_arbeiter_n.jpg 167w, https:\/\/www.daenzer-dachundholz.ch\/html\/wp-content\/uploads\/2017\/04\/portrait_fritz_arbeiter_n-100x150.jpg 100w\" sizes=\"(max-width: 167px) 100vw, 167px\" title=\"Fritz Senften - Mitarbeiter\" alt=\"Fritz Senften - Mitarbeiter\" \t\tclass=\"so-widget-image\"\/>\n\t<\/div>\n\n<\/div><\/div><div id=\"panel-21-8-2-1\" class=\"so-panel widget widget_text panel-last-child\" data-index=\"14\" ><h3 class=\"widget-title\">Fritz Senften<\/h3>\t\t\t<div class=\"textwidget\">Mitarbeiter<\/div>\n\t\t<\/div><\/div><\/div><\/div>","protected":false},"excerpt":{"rendered":"<p>Jubil\u00e4um Wir durften dieses Jahr ein Doppeljubil\u00e4um feiern. Einerseits das 30j\u00e4hrige Bestehen unserer Firma und andererseits sch\u00e4tzen wir<\/p>\n","protected":false},"author":1,"featured_media":0,"parent":0,"menu_order":0,"comment_status":"closed","ping_status":"closed","template":"","meta":{"footnotes":""},"class_list":["post-21","page","type-page","status-publish","hentry"],"_links":{"self":[{"href":"https:\/\/www.daenzer-dachundholz.ch\/html\/wp-json\/wp\/v2\/pages\/21","targetHints":{"allow":["GET"]}}],"collection":[{"href":"https:\/\/www.daenzer-dachundholz.ch\/html\/wp-json\/wp\/v2\/pages"}],"about":[{"href":"https:\/\/www.daenzer-dachundholz.ch\/html\/wp-json\/wp\/v2\/types\/page"}],"author":[{"embeddable":true,"href":"https:\/\/www.daenzer-dachundholz.ch\/html\/wp-json\/wp\/v2\/users\/1"}],"replies":[{"embeddable":true,"href":"https:\/\/www.daenzer-dachundholz.ch\/html\/wp-json\/wp\/v2\/comments?post=21"}],"version-history":[{"count":90,"href":"https:\/\/www.daenzer-dachundholz.ch\/html\/wp-json\/wp\/v2\/pages\/21\/revisions"}],"predecessor-version":[{"id":642,"href":"https:\/\/www.daenzer-dachundholz.ch\/html\/wp-json\/wp\/v2\/pages\/21\/revisions\/642"}],"wp:attachment":[{"href":"https:\/\/www.daenzer-dachundholz.ch\/html\/wp-json\/wp\/v2\/media?parent=21"}],"curies":[{"name":"wp","href":"https:\/\/api.w.org\/{rel}","templated":true}]}}