{"id":35,"date":"2016-05-28T09:30:08","date_gmt":"2016-05-28T09:30:08","guid":{"rendered":"http:\/\/www.daenzer-dachundholz.ch\/html\/?page_id=35"},"modified":"2017-04-24T16:14:23","modified_gmt":"2017-04-24T16:14:23","slug":"fassadenbau","status":"publish","type":"page","link":"https:\/\/www.daenzer-dachundholz.ch\/html\/angebot\/fassadenbau\/","title":{"rendered":"Fassadenbau"},"content":{"rendered":"<div id=\"pl-35\"  class=\"panel-layout\" ><div id=\"pg-35-0\"  class=\"panel-grid panel-no-style\" ><div id=\"pgc-35-0-0\"  class=\"panel-grid-cell\" ><div id=\"panel-35-0-0-0\" class=\"so-panel widget widget_text panel-first-child\" data-index=\"0\" >\t\t\t<div class=\"textwidget\"><div align=\"center\">Wir verkleiden Ihre Fassaden in verschiedenen Ausf\u00fchrungen und sch\u00fctzen sie gegen Witterungseinfl\u00fcsse.<br \/>\nMit Faserzement (Eternit) oder Holzschindeln.<br \/>\n<a href=\"#Kontakt\">Sprechen wir dar\u00fcber \u2013 rufen Sie uns an!<\/a><\/div>\n<\/div>\n\t\t<\/div><div id=\"panel-35-0-0-1\" class=\"so-panel widget widget_text panel-last-child\" data-index=\"1\" >\t\t\t<div class=\"textwidget\"><div id=\"metaslider-id-455\" style=\"max-width: 750px; margin: 0 auto;\" class=\"ml-slider-3-103-0 metaslider metaslider-flex metaslider-455 ml-slider has-dots-nav ms-theme-default\" role=\"region\" aria-label=\"Neue Diashow\" data-height=\"500\" data-width=\"750\">\n    <div id=\"metaslider_container_455\">\n        <div id=\"metaslider_455\">\n            <ul class='slides'>\n                <li style=\"display: block; width: 100%;\" class=\"slide-461 ms-image \" aria-roledescription=\"slide\" data-date=\"2017-04-24 16:10:07\" data-slide-type=\"image\"><a href=\"http:\/\/www.daenzer-dachundholz.ch\/html\/projekte\/holz-galerien\/\" target=\"_self\" aria-label=\"View Slide Details\" class=\"metaslider_image_link\"><img loading=\"lazy\" decoding=\"async\" src=\"https:\/\/www.daenzer-dachundholz.ch\/html\/wp-content\/uploads\/2017\/04\/04_fassadenbau-750x500.jpg\" height=\"500\" width=\"750\" alt=\"Fritz D\u00e4nzer  Boltigen - Fassaden - Bild 1\" class=\"slider-455 slide-461 msDefaultImage\" title=\"Foto &amp; Link - Galerie Holz\" \/><\/a><\/li>\n                <li style=\"display: none; width: 100%;\" class=\"slide-462 ms-image \" aria-roledescription=\"slide\" data-date=\"2017-04-24 16:10:07\" data-slide-type=\"image\"><a href=\"http:\/\/www.daenzer-dachundholz.ch\/html\/projekte\/holz-galerien\/\" target=\"_self\" aria-label=\"View Slide Details\" class=\"metaslider_image_link\"><img loading=\"lazy\" decoding=\"async\" src=\"https:\/\/www.daenzer-dachundholz.ch\/html\/wp-content\/uploads\/2017\/12\/Fassade2-Fritz-Daenzer-Dach-und-Holz-750x500.jpg\" height=\"500\" width=\"750\" alt=\"Fritz D\u00e4nzer  Boltigen - Fassaden - Bild 2\" class=\"slider-455 slide-462 msDefaultImage\" title=\"Foto &amp; Link - Galerie Holz\" \/><\/a><\/li>\n                <li style=\"display: none; width: 100%;\" class=\"slide-463 ms-image \" aria-roledescription=\"slide\" data-date=\"2017-04-24 16:10:07\" data-slide-type=\"image\"><a href=\"http:\/\/www.daenzer-dachundholz.ch\/html\/projekte\/holz-galerien\/\" target=\"_self\" aria-label=\"View Slide Details\" class=\"metaslider_image_link\"><img loading=\"lazy\" decoding=\"async\" src=\"https:\/\/www.daenzer-dachundholz.ch\/html\/wp-content\/uploads\/2017\/12\/Fassade3-Fritz-Daenzer-Dach-und-Holz-750x500.jpg\" height=\"500\" width=\"750\" alt=\"Fritz D\u00e4nzer  Boltigen - Fassaden - Bild 3\" class=\"slider-455 slide-463 msDefaultImage\" title=\"Foto &amp; Link - Galerie Holz\" \/><\/a><\/li>\n                <li style=\"display: none; width: 100%;\" class=\"slide-464 ms-image \" aria-roledescription=\"slide\" data-date=\"2017-04-24 16:10:07\" data-slide-type=\"image\"><a href=\"http:\/\/www.daenzer-dachundholz.ch\/html\/projekte\/holz-galerien\/\" target=\"_self\" aria-label=\"View Slide Details\" class=\"metaslider_image_link\"><img loading=\"lazy\" decoding=\"async\" src=\"https:\/\/www.daenzer-dachundholz.ch\/html\/wp-content\/uploads\/2017\/04\/04_fassadenbau-4-750x500.jpg\" height=\"500\" width=\"750\" alt=\"Fritz D\u00e4nzer  Boltigen - Fassaden - Bild 4\" class=\"slider-455 slide-464 msDefaultImage\" title=\"Foto &amp; Link - Galerie Holz\" \/><\/a><\/li>\n            <\/ul>\n        <\/div>\n        \n    <\/div>\n<\/div><\/div>\n\t\t<\/div><\/div><\/div><\/div>","protected":false},"excerpt":{"rendered":"<p>Wir verkleiden Ihre Fassaden in verschiedenen Ausf\u00fchrungen und sch\u00fctzen sie gegen Witterungseinfl\u00fcsse. Mit Faserzement (Eternit) oder Holzschindeln. Sprechen<\/p>\n","protected":false},"author":1,"featured_media":0,"parent":24,"menu_order":4,"comment_status":"closed","ping_status":"closed","template":"","meta":{"footnotes":""},"class_list":["post-35","page","type-page","status-publish","hentry"],"_links":{"self":[{"href":"https:\/\/www.daenzer-dachundholz.ch\/html\/wp-json\/wp\/v2\/pages\/35","targetHints":{"allow":["GET"]}}],"collection":[{"href":"https:\/\/www.daenzer-dachundholz.ch\/html\/wp-json\/wp\/v2\/pages"}],"about":[{"href":"https:\/\/www.daenzer-dachundholz.ch\/html\/wp-json\/wp\/v2\/types\/page"}],"author":[{"embeddable":true,"href":"https:\/\/www.daenzer-dachundholz.ch\/html\/wp-json\/wp\/v2\/users\/1"}],"replies":[{"embeddable":true,"href":"https:\/\/www.daenzer-dachundholz.ch\/html\/wp-json\/wp\/v2\/comments?post=35"}],"version-history":[{"count":8,"href":"https:\/\/www.daenzer-dachundholz.ch\/html\/wp-json\/wp\/v2\/pages\/35\/revisions"}],"predecessor-version":[{"id":466,"href":"https:\/\/www.daenzer-dachundholz.ch\/html\/wp-json\/wp\/v2\/pages\/35\/revisions\/466"}],"up":[{"embeddable":true,"href":"https:\/\/www.daenzer-dachundholz.ch\/html\/wp-json\/wp\/v2\/pages\/24"}],"wp:attachment":[{"href":"https:\/\/www.daenzer-dachundholz.ch\/html\/wp-json\/wp\/v2\/media?parent=35"}],"curies":[{"name":"wp","href":"https:\/\/api.w.org\/{rel}","templated":true}]}}