{"id":37,"date":"2016-05-28T09:30:26","date_gmt":"2016-05-28T09:30:26","guid":{"rendered":"http:\/\/www.daenzer-dachundholz.ch\/html\/?page_id=37"},"modified":"2022-11-30T13:00:09","modified_gmt":"2022-11-30T13:00:09","slug":"waermedaemmung","status":"publish","type":"page","link":"https:\/\/www.daenzer-dachundholz.ch\/html\/angebot\/waermedaemmung\/","title":{"rendered":"W\u00e4rmed\u00e4mmung"},"content":{"rendered":"<div id=\"pl-37\"  class=\"panel-layout\" ><div id=\"pg-37-0\"  class=\"panel-grid panel-no-style\" ><div id=\"pgc-37-0-0\"  class=\"panel-grid-cell\" ><div id=\"panel-37-0-0-0\" class=\"so-panel widget widget_text panel-first-child\" data-index=\"0\" >\t\t\t<div class=\"textwidget\"><div align=\"center\">Auch f\u00fcr W\u00e4rmed\u00e4mmung und Sanierungen sind Sie bei uns genau richtig! Wir d\u00e4mmen nach modernsten Energievorschriften mit Holzfaser-, Stein- oder Glaswollplatten.<br \/>\n<a href=\"#Kontakt\">Wir haben, was Sie brauchen \u2013 fragen Sie uns!<\/a><\/div>\n<\/div>\n\t\t<\/div><div id=\"panel-37-0-0-1\" class=\"so-panel widget widget_sow-image panel-last-child\" data-index=\"1\" ><div\n\t\t\t\n\t\t\tclass=\"so-widget-sow-image so-widget-sow-image-default-c67d20f9f743-37\"\n\t\t\t\n\t\t>\n<div class=\"sow-image-container\">\n\t\t<img \n\tsrc=\"https:\/\/www.daenzer-dachundholz.ch\/html\/wp-content\/uploads\/2017\/12\/Isolation-Fritz-Daenzer-Dach-und-Holz-770x513.jpg\" width=\"770\" height=\"513\" srcset=\"https:\/\/www.daenzer-dachundholz.ch\/html\/wp-content\/uploads\/2017\/12\/Isolation-Fritz-Daenzer-Dach-und-Holz-770x514.jpg 770w, https:\/\/www.daenzer-dachundholz.ch\/html\/wp-content\/uploads\/2017\/12\/Isolation-Fritz-Daenzer-Dach-und-Holz-300x200.jpg 300w, https:\/\/www.daenzer-dachundholz.ch\/html\/wp-content\/uploads\/2017\/12\/Isolation-Fritz-Daenzer-Dach-und-Holz-768x512.jpg 768w, https:\/\/www.daenzer-dachundholz.ch\/html\/wp-content\/uploads\/2017\/12\/Isolation-Fritz-Daenzer-Dach-und-Holz-1024x683.jpg 1024w, https:\/\/www.daenzer-dachundholz.ch\/html\/wp-content\/uploads\/2017\/12\/Isolation-Fritz-Daenzer-Dach-und-Holz-150x100.jpg 150w, https:\/\/www.daenzer-dachundholz.ch\/html\/wp-content\/uploads\/2017\/12\/Isolation-Fritz-Daenzer-Dach-und-Holz-1200x800.jpg 1200w, https:\/\/www.daenzer-dachundholz.ch\/html\/wp-content\/uploads\/2017\/12\/Isolation-Fritz-Daenzer-Dach-und-Holz-272x182.jpg 272w, https:\/\/www.daenzer-dachundholz.ch\/html\/wp-content\/uploads\/2017\/12\/Isolation-Fritz-Daenzer-Dach-und-Holz-750x500.jpg 750w, https:\/\/www.daenzer-dachundholz.ch\/html\/wp-content\/uploads\/2017\/12\/Isolation-Fritz-Daenzer-Dach-und-Holz.jpg 2048w\" sizes=\"(max-width: 770px) 100vw, 770px\" title=\"Fritz D\u00e4nzer Boltigen - W\u00e4rmed\u00e4mmung\" alt=\"Fritz D\u00e4nzer Boltigen - W\u00e4rmed\u00e4mmung\" \t\tclass=\"so-widget-image\"\/>\n\t<\/div>\n\n<\/div><\/div><\/div><\/div><\/div>","protected":false},"excerpt":{"rendered":"<p>Auch f\u00fcr W\u00e4rmed\u00e4mmung und Sanierungen sind Sie bei uns genau richtig! Wir d\u00e4mmen nach modernsten Energievorschriften mit Holzfaser-,<\/p>\n","protected":false},"author":1,"featured_media":0,"parent":24,"menu_order":5,"comment_status":"closed","ping_status":"closed","template":"","meta":{"footnotes":""},"class_list":["post-37","page","type-page","status-publish","hentry"],"_links":{"self":[{"href":"https:\/\/www.daenzer-dachundholz.ch\/html\/wp-json\/wp\/v2\/pages\/37","targetHints":{"allow":["GET"]}}],"collection":[{"href":"https:\/\/www.daenzer-dachundholz.ch\/html\/wp-json\/wp\/v2\/pages"}],"about":[{"href":"https:\/\/www.daenzer-dachundholz.ch\/html\/wp-json\/wp\/v2\/types\/page"}],"author":[{"embeddable":true,"href":"https:\/\/www.daenzer-dachundholz.ch\/html\/wp-json\/wp\/v2\/users\/1"}],"replies":[{"embeddable":true,"href":"https:\/\/www.daenzer-dachundholz.ch\/html\/wp-json\/wp\/v2\/comments?post=37"}],"version-history":[{"count":18,"href":"https:\/\/www.daenzer-dachundholz.ch\/html\/wp-json\/wp\/v2\/pages\/37\/revisions"}],"predecessor-version":[{"id":631,"href":"https:\/\/www.daenzer-dachundholz.ch\/html\/wp-json\/wp\/v2\/pages\/37\/revisions\/631"}],"up":[{"embeddable":true,"href":"https:\/\/www.daenzer-dachundholz.ch\/html\/wp-json\/wp\/v2\/pages\/24"}],"wp:attachment":[{"href":"https:\/\/www.daenzer-dachundholz.ch\/html\/wp-json\/wp\/v2\/media?parent=37"}],"curies":[{"name":"wp","href":"https:\/\/api.w.org\/{rel}","templated":true}]}}