{"id":47,"date":"2016-05-28T09:32:14","date_gmt":"2016-05-28T09:32:14","guid":{"rendered":"http:\/\/www.daenzer-dachundholz.ch\/html\/?page_id=47"},"modified":"2017-04-24T17:39:45","modified_gmt":"2017-04-24T17:39:45","slug":"projekte","status":"publish","type":"page","link":"https:\/\/www.daenzer-dachundholz.ch\/html\/projekte\/","title":{"rendered":"Projekte"},"content":{"rendered":"<div id=\"pl-47\"  class=\"panel-layout\" ><div id=\"pg-47-0\"  class=\"panel-grid panel-no-style\" ><div id=\"pgc-47-0-0\"  class=\"panel-grid-cell\" ><div id=\"panel-47-0-0-0\" class=\"so-panel widget widget_text panel-first-child panel-last-child\" data-index=\"0\" >\t\t\t<div class=\"textwidget\"><div align=\"center\">\n<h4>UNSERE KUNDEN MACHEN UNS STOLZ<\/h4>\n<p>Ein grosses Dankesch\u00f6n gilt unseren Kunden, die uns ihr Vertrauen geschenkt haben. Dank ihren W\u00fcnschen und Anliegen wachsen wir t\u00e4glich \u00fcber uns hinaus. Gerne pr\u00e4sentieren wir Ihnen hier einige Muster unserer Arbeiten.<\/p>\n<p>Haben Sie noch Fragen? Z\u00f6gern Sie nicht, <a href=\"#Kontakt\">uns zu kontaktieren<\/a>. Gerne stehen wir Ihnen mit Rat und Tat zur Seite.<\/div>\n<\/div>\n\t\t<\/div><\/div><\/div><div id=\"pg-47-1\"  class=\"panel-grid panel-no-style\" ><div id=\"pgc-47-1-0\"  class=\"panel-grid-cell\" ><div id=\"panel-47-1-0-0\" class=\"so-panel widget widget_sow-image panel-first-child panel-last-child\" data-index=\"1\" ><div class=\"panel-widget-style panel-widget-style-for-47-1-0-0\" ><div\n\t\t\t\n\t\t\tclass=\"so-widget-sow-image so-widget-sow-image-default-8b5b6f678277-47\"\n\t\t\t\n\t\t><h3 class=\"widget-title\">Galerien rund ums Dach<\/h3>\n<div class=\"sow-image-container\">\n\t\t\t<a href=\"http:\/\/www.daenzer-dachundholz.ch\/html\/projekte\/dach-galerien\/\"\n\t\t\t\t\t>\n\t\t\t<img \n\tsrc=\"https:\/\/www.daenzer-dachundholz.ch\/html\/wp-content\/uploads\/2017\/04\/01_bedachungen.jpg\" width=\"1200\" height=\"800\" srcset=\"https:\/\/www.daenzer-dachundholz.ch\/html\/wp-content\/uploads\/2017\/04\/01_bedachungen.jpg 1200w, https:\/\/www.daenzer-dachundholz.ch\/html\/wp-content\/uploads\/2017\/04\/01_bedachungen-300x200.jpg 300w, https:\/\/www.daenzer-dachundholz.ch\/html\/wp-content\/uploads\/2017\/04\/01_bedachungen-768x512.jpg 768w, https:\/\/www.daenzer-dachundholz.ch\/html\/wp-content\/uploads\/2017\/04\/01_bedachungen-1024x683.jpg 1024w, https:\/\/www.daenzer-dachundholz.ch\/html\/wp-content\/uploads\/2017\/04\/01_bedachungen-150x100.jpg 150w, https:\/\/www.daenzer-dachundholz.ch\/html\/wp-content\/uploads\/2017\/04\/01_bedachungen-770x513.jpg 770w, https:\/\/www.daenzer-dachundholz.ch\/html\/wp-content\/uploads\/2017\/04\/01_bedachungen-272x182.jpg 272w\" sizes=\"(max-width: 1200px) 100vw, 1200px\" title=\"Galerien rund ums Dach\" alt=\"Fritz D\u00e4nzer Boltigen - Galerien Dach\" \t\tclass=\"so-widget-image\"\/>\n\t\t\t<\/a><\/div>\n\n<\/div><\/div><\/div><\/div><div id=\"pgc-47-1-1\"  class=\"panel-grid-cell\" ><div id=\"panel-47-1-1-0\" class=\"so-panel widget widget_sow-image panel-first-child panel-last-child\" data-index=\"2\" ><div class=\"panel-widget-style panel-widget-style-for-47-1-1-0\" ><div\n\t\t\t\n\t\t\tclass=\"so-widget-sow-image so-widget-sow-image-default-8b5b6f678277-47\"\n\t\t\t\n\t\t><h3 class=\"widget-title\">Galerien rund ums Holz<\/h3>\n<div class=\"sow-image-container\">\n\t\t\t<a href=\"http:\/\/www.daenzer-dachundholz.ch\/html\/projekte\/holz-galerien\/\"\n\t\t\t\t\t>\n\t\t\t<img \n\tsrc=\"https:\/\/www.daenzer-dachundholz.ch\/html\/wp-content\/uploads\/2017\/04\/04_fassadenbau.jpg\" width=\"1170\" height=\"780\" srcset=\"https:\/\/www.daenzer-dachundholz.ch\/html\/wp-content\/uploads\/2017\/04\/04_fassadenbau.jpg 1170w, https:\/\/www.daenzer-dachundholz.ch\/html\/wp-content\/uploads\/2017\/04\/04_fassadenbau-300x200.jpg 300w, https:\/\/www.daenzer-dachundholz.ch\/html\/wp-content\/uploads\/2017\/04\/04_fassadenbau-768x512.jpg 768w, https:\/\/www.daenzer-dachundholz.ch\/html\/wp-content\/uploads\/2017\/04\/04_fassadenbau-1024x683.jpg 1024w, https:\/\/www.daenzer-dachundholz.ch\/html\/wp-content\/uploads\/2017\/04\/04_fassadenbau-150x100.jpg 150w, https:\/\/www.daenzer-dachundholz.ch\/html\/wp-content\/uploads\/2017\/04\/04_fassadenbau-770x513.jpg 770w, https:\/\/www.daenzer-dachundholz.ch\/html\/wp-content\/uploads\/2017\/04\/04_fassadenbau-272x182.jpg 272w\" sizes=\"(max-width: 1170px) 100vw, 1170px\" title=\"Galerien rund ums Holz\" alt=\"Fritz D\u00e4nzer Boltigen - Galerien Holz\" \t\tclass=\"so-widget-image\"\/>\n\t\t\t<\/a><\/div>\n\n<\/div><\/div><\/div><\/div><\/div><\/div>","protected":false},"excerpt":{"rendered":"<p>UNSERE KUNDEN MACHEN UNS STOLZ Ein grosses Dankesch\u00f6n gilt unseren Kunden, die uns ihr Vertrauen geschenkt haben. Dank<\/p>\n","protected":false},"author":1,"featured_media":0,"parent":0,"menu_order":0,"comment_status":"closed","ping_status":"closed","template":"","meta":{"footnotes":""},"class_list":["post-47","page","type-page","status-publish","hentry"],"_links":{"self":[{"href":"https:\/\/www.daenzer-dachundholz.ch\/html\/wp-json\/wp\/v2\/pages\/47","targetHints":{"allow":["GET"]}}],"collection":[{"href":"https:\/\/www.daenzer-dachundholz.ch\/html\/wp-json\/wp\/v2\/pages"}],"about":[{"href":"https:\/\/www.daenzer-dachundholz.ch\/html\/wp-json\/wp\/v2\/types\/page"}],"author":[{"embeddable":true,"href":"https:\/\/www.daenzer-dachundholz.ch\/html\/wp-json\/wp\/v2\/users\/1"}],"replies":[{"embeddable":true,"href":"https:\/\/www.daenzer-dachundholz.ch\/html\/wp-json\/wp\/v2\/comments?post=47"}],"version-history":[{"count":29,"href":"https:\/\/www.daenzer-dachundholz.ch\/html\/wp-json\/wp\/v2\/pages\/47\/revisions"}],"predecessor-version":[{"id":531,"href":"https:\/\/www.daenzer-dachundholz.ch\/html\/wp-json\/wp\/v2\/pages\/47\/revisions\/531"}],"wp:attachment":[{"href":"https:\/\/www.daenzer-dachundholz.ch\/html\/wp-json\/wp\/v2\/media?parent=47"}],"curies":[{"name":"wp","href":"https:\/\/api.w.org\/{rel}","templated":true}]}}