{"id":49,"date":"2016-05-28T09:32:29","date_gmt":"2016-05-28T09:32:29","guid":{"rendered":"http:\/\/www.daenzer-dachundholz.ch\/html\/?page_id=49"},"modified":"2018-08-14T11:47:00","modified_gmt":"2018-08-14T11:47:00","slug":"kontakt","status":"publish","type":"page","link":"https:\/\/www.daenzer-dachundholz.ch\/html\/kontakt\/","title":{"rendered":"Kontakt"},"content":{"rendered":"<div id=\"pl-49\"  class=\"panel-layout\" ><div id=\"pg-49-0\"  class=\"panel-grid panel-no-style\" ><div id=\"pgc-49-0-0\"  class=\"panel-grid-cell\" ><div id=\"panel-49-0-0-0\" class=\"so-panel widget widget_text panel-first-child panel-last-child\" data-index=\"0\" ><h3 class=\"widget-title\">Inhaber<\/h3>\t\t\t<div class=\"textwidget\"><p>Fritz D\u00e4nzer<br \/>\nBedachung\/Holzbau\/<br \/>\nInnenausbau<br \/>\nVijelimatte 281N<br \/>\n3766 Boltigen<br \/>\n&nbsp;<br \/>\n033 773 66 70<br \/>\n079 311 17 28<\/p>\n<p>www.daenzer-dachundholz.ch<br \/>\ninfo@daenzer-dachundholz.ch<br \/>\n&nbsp;<\/p>\n<\/div>\n\t\t<\/div><\/div><div id=\"pgc-49-0-1\"  class=\"panel-grid-cell\" ><div id=\"panel-49-0-1-0\" class=\"so-panel widget widget_text panel-first-child panel-last-child\" data-index=\"1\" ><h3 class=\"widget-title\">Handelsregistereintrag<\/h3>\t\t\t<div class=\"textwidget\"><table  style=\"border:solid 2px #ffffff;\" border=\"0\" width=\"100%\" cellspacing=\"0\" cellpadding=\"0\">\n<tbody>\n<tr>\n<td style=\"border:solid 2px #ffffff;padding-right:.0em;\" valign=\"middle\"><strong>Inhaber<\/strong><\/td>\n<td style=\"border:solid 2px #ffffff;padding-right:.0em;\" valign=\"middle\">Fritz D\u00e4nzer<\/td>\n<\/tr>\n<tr>\n<td style=\"border:solid 2px #ffffff;padding-right:.0em;\" valign=\"middle\"><strong>Name<\/strong><\/td>\n<td style=\"border:solid 2px #ffffff;padding-right:.0em;\" valign=\"middle\">Fritz D\u00e4nzer Bedachung\/Holzbau<\/td>\n<\/tr>\n<tr>\n<td style=\"border:solid 2px #ffffff;padding-right:.0em;\" valign=\"middle\"><strong>Rechtsform<\/strong><\/td>\n<td style=\"border:solid 2px #ffffff;padding-right:.0em;\" valign=\"middle\">Einzelfirma<\/td>\n<\/tr>\n<tr>\n<td style=\"border:solid 2px #ffffff;padding-right:.0em;\" valign=\"middle\"><strong>Nummer<\/strong><\/td>\n<td style=\"border:solid 2px #ffffff;padding-right:.0em;\" valign=\"middle\">CH-092.1.014.927-9<\/td>\n<\/tr>\n<tr>\n<td style=\"border:solid 2px #ffffff;padding-right:.0em;\" valign=\"middle\"><strong>Amt<\/strong><\/td>\n<td style=\"border:solid 2px #ffffff;padding-right:.0em;\" valign=\"middle\">Kanton Bern<\/td>\n<\/tr>\n<tr>\n<td style=\"border:solid 2px #ffffff;padding-right:.0em;\" valign=\"middle\"><strong>UID-Nr.<\/strong><\/td>\n<td style=\"border:solid 2px #ffffff;padding-right:.0em;\" valign=\"middle\">CHE-103.596.624 MWST<\/td>\n<\/tr>\n<\/tbody>\n<\/table><\/div>\n\t\t<\/div><\/div><\/div><div id=\"pg-49-1\"  class=\"panel-grid panel-no-style\" ><div id=\"pgc-49-1-0\"  class=\"panel-grid-cell panel-grid-cell-empty\" ><\/div><\/div><div id=\"pg-49-2\"  class=\"panel-grid panel-no-style\" ><div id=\"pgc-49-2-0\"  class=\"panel-grid-cell\" ><div id=\"panel-49-2-0-0\" class=\"so-panel widget widget_text panel-first-child panel-last-child\" data-index=\"2\" ><div class=\"panel-widget-style panel-widget-style-for-49-2-0-0\" >\t\t\t<div class=\"textwidget\"><div align=\"center\">\n<h2 class=\"page-title entry-title\">Impressum<\/h2>\n<\/div>\n<\/div>\n\t\t<\/div><\/div><\/div><\/div><div id=\"pg-49-3\"  class=\"panel-grid panel-no-style\" ><div id=\"pgc-49-3-0\"  class=\"panel-grid-cell\" ><div id=\"panel-49-3-0-0\" class=\"so-panel widget widget_text panel-first-child panel-last-child\" data-index=\"3\" ><h3 class=\"widget-title\">Webdesign<\/h3>\t\t\t<div class=\"textwidget\"><p><strong>Design & Realisisation:<\/strong><br \/>\nakg Design<br \/>\nAnna K. Grubenmann<br \/>\nFarni 443<br \/>\n3766 Boltigen<\/p>\n<p><a href=\"http:\/\/www.akgdesign.ch\" title=\"Zur Website der akg Design\" target=\"_blank\">www.akgdesign.ch<\/a><br \/>\ninfo@akgdesign.ch<\/p>\n<p><strong> <\/strong><br \/>\n&nbsp;<\/p>\n<\/div>\n\t\t<\/div><\/div><div id=\"pgc-49-3-1\"  class=\"panel-grid-cell\" ><div id=\"panel-49-3-1-0\" class=\"so-panel widget widget_text panel-first-child panel-last-child\" data-index=\"4\" ><h3 class=\"widget-title\">Fotos<\/h3>\t\t\t<div class=\"textwidget\"><p><strong>Portrait- & Gruppen-Bilder:<\/strong><br \/>\nksm-fotografie<br \/>\nKerem S. Maurer<br \/>\nFarni 443<br \/>\n3766 Boltigen<\/p>\n<p><a href=\"http:\/\/www.ksm-fotografie.ch\" title=\"Zur Website der ksm-fotografie\" target=\"_blank\">www.ksm-fotografie.ch<\/a><br \/>\ninfo@ksm-fotografie.ch<\/p>\n<p><strong>Alle anderen Fotos:<\/strong><br \/>\nFritz D\u00e4nzer Bedachung\/Holzbau<\/p>\n<\/div>\n\t\t<\/div><\/div><\/div><div id=\"pg-49-4\"  class=\"panel-grid panel-no-style\" ><div id=\"pgc-49-4-0\"  class=\"panel-grid-cell\" ><div id=\"panel-49-4-0-0\" class=\"so-panel widget widget_text panel-first-child panel-last-child\" data-index=\"5\" >\t\t\t<div class=\"textwidget\"><h3 class=\"widget-title\">Haftungsausschluss<\/h3>\n<p>Fritz D\u00e4nzer Bedachung\/Holzbau \u00fcbernimmt keinerlei Gew\u00e4hr hinsichtlich der inhaltlichen Richtigkeit, Genauigkeit, Aktualit\u00e4t, Zuverl\u00e4ssigkeit und Vollst\u00e4ndigkeit der Informationen.<br \/>\nHaftungsanspr\u00fcche gegen Fritz D\u00e4nzer Bedachung\/Holzbau wegen Sch\u00e4den materieller oder immaterieller Art, welche aus dem Zugriff oder der Nutzung bzw. Nichtnutzung der ver\u00f6ffentlichten Informationen, durch Missbrauch der Verbindung oder durch technische St\u00f6rungen entstanden sind, werden ausgeschlossen.<br \/>\nAlle Angebote sind unverbindlich. Fritz D\u00e4nzer Bedachung\/Holzbau beh\u00e4lt es sich ausdr\u00fccklich vor, Teile der Seiten oder das gesamte Angebot ohne gesonderte Ank\u00fcndigung zu ver\u00e4ndern, zu erg\u00e4nzen, zu l\u00f6schen oder die Ver\u00f6ffentlichung zeitweise oder endg\u00fcltig einzustellen.<br \/>\n&nbsp;<br \/>\n&nbsp;<\/p>\n<h3 class=\"widget-title\">Haftung f\u00fcr Links<\/h3>\n<p>Verweise und Links auf Webseiten Dritter liegen ausserhalb unseres Verantwortungsbereichs. Es wird jegliche Verantwortung f\u00fcr solche Webseiten abgelehnt. Der Zugriff und die Nutzung solcher Webseiten erfolgen auf eigene Gefahr des Nutzers oder der Nutzerin.<br \/>\n&nbsp;<br \/>\n&nbsp;<\/p>\n<h3 class=\"widget-title\">Urheberrechte<\/h3>\n<p>Die Urheber- und alle anderen Rechte an Inhalten, Bildern, Fotos oder anderen Dateien auf der Website geh\u00f6ren ausschliesslich <strong>Fritz D\u00e4nzer Bedachung\/Holzbau<\/strong> oder den speziell genannten Rechtsinhabern. F\u00fcr die Reproduktion jeglicher Elemente ist die schriftliche Zustimmung der Urheberrechtstr\u00e4ger im Voraus einzuholen.<br \/>\n&nbsp;<br \/>\n<strong>Fritz D\u00e4nzer Bedachung\/Holzbau<\/strong> - CH-3766 Boltigen \/ April 2017<\/p>\n<\/div>\n\t\t<\/div><\/div><\/div><\/div>","protected":false},"excerpt":{"rendered":"<p>Fritz D\u00e4nzer Bedachung\/Holzbau\/ Innenausbau Vijelimatte 281N 3766 Boltigen &nbsp; 033 773 66 70 079 311 17 28 www.daenzer-dachundholz.ch<\/p>\n","protected":false},"author":1,"featured_media":0,"parent":0,"menu_order":0,"comment_status":"closed","ping_status":"closed","template":"","meta":{"footnotes":""},"class_list":["post-49","page","type-page","status-publish","hentry"],"_links":{"self":[{"href":"https:\/\/www.daenzer-dachundholz.ch\/html\/wp-json\/wp\/v2\/pages\/49","targetHints":{"allow":["GET"]}}],"collection":[{"href":"https:\/\/www.daenzer-dachundholz.ch\/html\/wp-json\/wp\/v2\/pages"}],"about":[{"href":"https:\/\/www.daenzer-dachundholz.ch\/html\/wp-json\/wp\/v2\/types\/page"}],"author":[{"embeddable":true,"href":"https:\/\/www.daenzer-dachundholz.ch\/html\/wp-json\/wp\/v2\/users\/1"}],"replies":[{"embeddable":true,"href":"https:\/\/www.daenzer-dachundholz.ch\/html\/wp-json\/wp\/v2\/comments?post=49"}],"version-history":[{"count":150,"href":"https:\/\/www.daenzer-dachundholz.ch\/html\/wp-json\/wp\/v2\/pages\/49\/revisions"}],"predecessor-version":[{"id":623,"href":"https:\/\/www.daenzer-dachundholz.ch\/html\/wp-json\/wp\/v2\/pages\/49\/revisions\/623"}],"wp:attachment":[{"href":"https:\/\/www.daenzer-dachundholz.ch\/html\/wp-json\/wp\/v2\/media?parent=49"}],"curies":[{"name":"wp","href":"https:\/\/api.w.org\/{rel}","templated":true}]}}