{"id":51,"date":"2016-05-28T09:32:57","date_gmt":"2016-05-28T09:32:57","guid":{"rendered":"http:\/\/www.daenzer-dachundholz.ch\/html\/?page_id=51"},"modified":"2017-04-24T17:02:16","modified_gmt":"2017-04-24T17:02:16","slug":"dach-galerien","status":"publish","type":"page","link":"https:\/\/www.daenzer-dachundholz.ch\/html\/projekte\/dach-galerien\/","title":{"rendered":"Dach &#8211; Galerien"},"content":{"rendered":"<div id=\"pl-51\"  class=\"panel-layout\" ><div id=\"pg-51-0\"  class=\"panel-grid panel-no-style\" ><div id=\"pgc-51-0-0\"  class=\"panel-grid-cell\" ><div id=\"panel-51-0-0-0\" class=\"so-panel widget widget_text panel-first-child\" data-index=\"0\" >\t\t\t<div class=\"textwidget\"><div align=\"center\">Wir schaffen auch Ihr Dach. Schauen Sie sich unsere Musterbilder an und entscheiden Sie selbst!<\/div>\n<\/div>\n\t\t<\/div><div id=\"panel-51-0-0-1\" class=\"so-panel widget widget_text panel-last-child\" data-index=\"1\" >\t\t\t<div class=\"textwidget\"><style type=\"text\/css\">\n#foogallery-gallery-520 .fg-image { width: 200px; }\n#foogallery-gallery-520 { --fg-gutter: 10px; }<\/style>\n\t\t\t<div class=\"foogallery foogallery-container foogallery-default foogallery-lightbox-none fg-center fg-default fg-ready fg-light fg-border-thin fg-shadow-small fg-loading-default fg-loaded-fade-in fg-hover-fade fg-hover-zoom2\" id=\"foogallery-gallery-520\" data-foogallery=\"{&quot;item&quot;:{&quot;showCaptionTitle&quot;:true,&quot;showCaptionDescription&quot;:false},&quot;lazy&quot;:true}\" style=\"--fg-title-line-clamp: 0; --fg-description-line-clamp: 0;\" >\n\t<div class=\"fg-item fg-type-image fg-idle\"><figure class=\"fg-item-inner\"><a href=\"https:\/\/www.daenzer-dachundholz.ch\/html\/wp-content\/uploads\/2017\/12\/Dach-Fritz-Daenzer-Dach-und-Holz.jpg\" data-caption-desc=\"Fritz D\u00e4nzer Boltigen - Dach Galerie 1\" data-caption-title=\"Dach-Fritz-Daenzer-Dach-und-Holz\" data-attachment-id=\"587\" data-type=\"image\" class=\"fg-thumb\"><span class=\"fg-image-wrap\"><img decoding=\"async\" alt=\"Fritz D\u00e4nzer Boltigen - Dach Galerie 1\" width=\"200\" height=\"200\" class=\"skip-lazy fg-image\" data-src-fg=\"https:\/\/www.daenzer-dachundholz.ch\/html\/wp-content\/uploads\/cache\/2017\/12\/Dach-Fritz-Daenzer-Dach-und-Holz\/3503450828.jpg\" src=\"data:image\/svg+xml,%3Csvg%20xmlns%3D%22http%3A%2F%2Fwww.w3.org%2F2000%2Fsvg%22%20width%3D%22200%22%20height%3D%22200%22%20viewBox%3D%220%200%20200%20200%22%3E%3C%2Fsvg%3E\" loading=\"eager\"><\/span><span class=\"fg-image-overlay\"><\/span><\/a><figcaption class=\"fg-caption\"><div class=\"fg-caption-inner\"><div class=\"fg-caption-title\">Dach-Fritz-Daenzer-Dach-und-Holz<\/div><\/div><\/figcaption><\/figure><div class=\"fg-loader\"><\/div><\/div><div class=\"fg-item fg-type-image fg-idle\"><figure class=\"fg-item-inner\"><a href=\"https:\/\/www.daenzer-dachundholz.ch\/html\/wp-content\/uploads\/2017\/04\/01_bedachungen.jpg\" data-caption-desc=\"Fritz D\u00e4nzer Boltigen - Bedachungen\" data-caption-title=\"01_bedachungen\" data-attachment-id=\"114\" data-type=\"image\" class=\"fg-thumb\"><span class=\"fg-image-wrap\"><img decoding=\"async\" alt=\"Fritz D\u00e4nzer Boltigen - Bedachungen\" width=\"200\" height=\"200\" class=\"skip-lazy fg-image\" data-src-fg=\"https:\/\/www.daenzer-dachundholz.ch\/html\/wp-content\/uploads\/cache\/2017\/04\/01_bedachungen\/1687331762.jpg\" src=\"data:image\/svg+xml,%3Csvg%20xmlns%3D%22http%3A%2F%2Fwww.w3.org%2F2000%2Fsvg%22%20width%3D%22200%22%20height%3D%22200%22%20viewBox%3D%220%200%20200%20200%22%3E%3C%2Fsvg%3E\" loading=\"eager\"><\/span><span class=\"fg-image-overlay\"><\/span><\/a><figcaption class=\"fg-caption\"><div class=\"fg-caption-inner\"><div class=\"fg-caption-title\">01_bedachungen<\/div><\/div><\/figcaption><\/figure><div class=\"fg-loader\"><\/div><\/div><div class=\"fg-item fg-type-image fg-idle\"><figure class=\"fg-item-inner\"><a href=\"https:\/\/www.daenzer-dachundholz.ch\/html\/wp-content\/uploads\/2017\/12\/Dach2-Fritz-Daenzer-Dach-und-Holz.jpg\" data-caption-desc=\"Fritz D\u00e4nzer Boltigen - Dach Galerie 2\" data-caption-title=\"Dach2-Fritz-Daenzer-Dach-und-Holz\" data-attachment-id=\"588\" data-type=\"image\" class=\"fg-thumb\"><span class=\"fg-image-wrap\"><img decoding=\"async\" alt=\"Fritz D\u00e4nzer Boltigen - Dach Galerie 2\" width=\"200\" height=\"200\" class=\"skip-lazy fg-image\" data-src-fg=\"https:\/\/www.daenzer-dachundholz.ch\/html\/wp-content\/uploads\/cache\/2017\/12\/Dach2-Fritz-Daenzer-Dach-und-Holz\/1730159507.jpg\" src=\"data:image\/svg+xml,%3Csvg%20xmlns%3D%22http%3A%2F%2Fwww.w3.org%2F2000%2Fsvg%22%20width%3D%22200%22%20height%3D%22200%22%20viewBox%3D%220%200%20200%20200%22%3E%3C%2Fsvg%3E\" loading=\"eager\"><\/span><span class=\"fg-image-overlay\"><\/span><\/a><figcaption class=\"fg-caption\"><div class=\"fg-caption-inner\"><div class=\"fg-caption-title\">Dach2-Fritz-Daenzer-Dach-und-Holz<\/div><\/div><\/figcaption><\/figure><div class=\"fg-loader\"><\/div><\/div><div class=\"fg-item fg-type-image fg-idle\"><figure class=\"fg-item-inner\"><a href=\"https:\/\/www.daenzer-dachundholz.ch\/html\/wp-content\/uploads\/2017\/04\/02_dachfenster-2.jpg\" data-caption-desc=\"Fritz D\u00e4nzer Boltigen - Dachfenster 2. Bild\" data-caption-title=\"02_dachfenster-2\" data-attachment-id=\"362\" data-type=\"image\" class=\"fg-thumb\"><span class=\"fg-image-wrap\"><img decoding=\"async\" alt=\"Fritz D\u00e4nzer Boltigen - Dachfenster 2. Bild\" width=\"200\" height=\"200\" class=\"skip-lazy fg-image\" data-src-fg=\"https:\/\/www.daenzer-dachundholz.ch\/html\/wp-content\/uploads\/cache\/2017\/04\/02_dachfenster-2\/2237475411.jpg\" src=\"data:image\/svg+xml,%3Csvg%20xmlns%3D%22http%3A%2F%2Fwww.w3.org%2F2000%2Fsvg%22%20width%3D%22200%22%20height%3D%22200%22%20viewBox%3D%220%200%20200%20200%22%3E%3C%2Fsvg%3E\" loading=\"eager\"><\/span><span class=\"fg-image-overlay\"><\/span><\/a><figcaption class=\"fg-caption\"><div class=\"fg-caption-inner\"><div class=\"fg-caption-title\">02_dachfenster-2<\/div><\/div><\/figcaption><\/figure><div class=\"fg-loader\"><\/div><\/div><div class=\"fg-item fg-type-image fg-idle\"><figure class=\"fg-item-inner\"><a href=\"https:\/\/www.daenzer-dachundholz.ch\/html\/wp-content\/uploads\/2017\/04\/01_bedachungen-4.jpg\" data-caption-desc=\"Fritz D\u00e4nzer Boltigen - Bedachungen 4. Bild\" data-caption-title=\"01_bedachungen-4\" data-attachment-id=\"347\" data-type=\"image\" class=\"fg-thumb\"><span class=\"fg-image-wrap\"><img decoding=\"async\" alt=\"Fritz D\u00e4nzer Boltigen - Bedachungen 4. Bild\" width=\"200\" height=\"200\" class=\"skip-lazy fg-image\" data-src-fg=\"https:\/\/www.daenzer-dachundholz.ch\/html\/wp-content\/uploads\/cache\/2017\/04\/01_bedachungen-4\/1597104561.jpg\" src=\"data:image\/svg+xml,%3Csvg%20xmlns%3D%22http%3A%2F%2Fwww.w3.org%2F2000%2Fsvg%22%20width%3D%22200%22%20height%3D%22200%22%20viewBox%3D%220%200%20200%20200%22%3E%3C%2Fsvg%3E\" loading=\"eager\"><\/span><span class=\"fg-image-overlay\"><\/span><\/a><figcaption class=\"fg-caption\"><div class=\"fg-caption-inner\"><div class=\"fg-caption-title\">01_bedachungen-4<\/div><\/div><\/figcaption><\/figure><div class=\"fg-loader\"><\/div><\/div><div class=\"fg-item fg-type-image fg-idle\"><figure class=\"fg-item-inner\"><a href=\"https:\/\/www.daenzer-dachundholz.ch\/html\/wp-content\/uploads\/2017\/12\/Bedachung-Fritz-Daenzer-Dach-und-Holz.jpg\" data-caption-desc=\"Fritz D\u00e4nzer Boltigen - Bedachungen 3. Bild\" data-caption-title=\"Bedachung-Fritz-Daenzer-Dach-und-Holz\" data-attachment-id=\"568\" data-type=\"image\" class=\"fg-thumb\"><span class=\"fg-image-wrap\"><img decoding=\"async\" alt=\"Fritz D\u00e4nzer Boltigen - Bedachungen 3. Bild\" width=\"200\" height=\"200\" class=\"skip-lazy fg-image\" data-src-fg=\"https:\/\/www.daenzer-dachundholz.ch\/html\/wp-content\/uploads\/cache\/2017\/12\/Bedachung-Fritz-Daenzer-Dach-und-Holz\/3155833738.jpg\" src=\"data:image\/svg+xml,%3Csvg%20xmlns%3D%22http%3A%2F%2Fwww.w3.org%2F2000%2Fsvg%22%20width%3D%22200%22%20height%3D%22200%22%20viewBox%3D%220%200%20200%20200%22%3E%3C%2Fsvg%3E\" loading=\"eager\"><\/span><span class=\"fg-image-overlay\"><\/span><\/a><figcaption class=\"fg-caption\"><div class=\"fg-caption-inner\"><div class=\"fg-caption-title\">Bedachung-Fritz-Daenzer-Dach-und-Holz<\/div><\/div><\/figcaption><\/figure><div class=\"fg-loader\"><\/div><\/div><div class=\"fg-item fg-type-image fg-idle\"><figure class=\"fg-item-inner\"><a href=\"https:\/\/www.daenzer-dachundholz.ch\/html\/wp-content\/uploads\/2017\/12\/Isolation-Fritz-Daenzer-Dach-und-Holz.jpg\" data-caption-desc=\"Fritz D\u00e4nzer Boltigen - W\u00e4rmed\u00e4mmung\" data-caption-title=\"Isolation-Fritz-Daenzer-Dach-und-Holz\" data-attachment-id=\"566\" data-type=\"image\" class=\"fg-thumb\"><span class=\"fg-image-wrap\"><img decoding=\"async\" alt=\"Fritz D\u00e4nzer Boltigen - W\u00e4rmed\u00e4mmung\" width=\"200\" height=\"200\" class=\"skip-lazy fg-image\" data-src-fg=\"https:\/\/www.daenzer-dachundholz.ch\/html\/wp-content\/uploads\/cache\/2017\/12\/Isolation-Fritz-Daenzer-Dach-und-Holz\/323538067.jpg\" src=\"data:image\/svg+xml,%3Csvg%20xmlns%3D%22http%3A%2F%2Fwww.w3.org%2F2000%2Fsvg%22%20width%3D%22200%22%20height%3D%22200%22%20viewBox%3D%220%200%20200%20200%22%3E%3C%2Fsvg%3E\" loading=\"eager\"><\/span><span class=\"fg-image-overlay\"><\/span><\/a><figcaption class=\"fg-caption\"><div class=\"fg-caption-inner\"><div class=\"fg-caption-title\">Isolation-Fritz-Daenzer-Dach-und-Holz<\/div><\/div><\/figcaption><\/figure><div class=\"fg-loader\"><\/div><\/div><div class=\"fg-item fg-type-image fg-idle\"><figure class=\"fg-item-inner\"><a href=\"https:\/\/www.daenzer-dachundholz.ch\/html\/wp-content\/uploads\/2017\/04\/02_dachfenster.jpg\" data-caption-desc=\"Fritz D\u00e4nzer Boltigen - Dachfenster\" data-caption-title=\"02_dachfenster\" data-attachment-id=\"115\" data-type=\"image\" class=\"fg-thumb\"><span class=\"fg-image-wrap\"><img decoding=\"async\" alt=\"Fritz D\u00e4nzer Boltigen - Dachfenster\" width=\"200\" height=\"200\" class=\"skip-lazy fg-image\" data-src-fg=\"https:\/\/www.daenzer-dachundholz.ch\/html\/wp-content\/uploads\/cache\/2017\/04\/02_dachfenster\/3311042564.jpg\" src=\"data:image\/svg+xml,%3Csvg%20xmlns%3D%22http%3A%2F%2Fwww.w3.org%2F2000%2Fsvg%22%20width%3D%22200%22%20height%3D%22200%22%20viewBox%3D%220%200%20200%20200%22%3E%3C%2Fsvg%3E\" loading=\"eager\"><\/span><span class=\"fg-image-overlay\"><\/span><\/a><figcaption class=\"fg-caption\"><div class=\"fg-caption-inner\"><div class=\"fg-caption-title\">02_dachfenster<\/div><\/div><\/figcaption><\/figure><div class=\"fg-loader\"><\/div><\/div><div class=\"fg-item fg-type-image fg-idle\"><figure class=\"fg-item-inner\"><a href=\"https:\/\/www.daenzer-dachundholz.ch\/html\/wp-content\/uploads\/2017\/04\/02_dachfenster-3.jpg\" data-caption-desc=\"Fritz D\u00e4nzer Boltigen - Dachfenster 3. Bild\" data-caption-title=\"02_dachfenster-3\" data-attachment-id=\"363\" data-type=\"image\" class=\"fg-thumb\"><span class=\"fg-image-wrap\"><img decoding=\"async\" alt=\"Fritz D\u00e4nzer Boltigen - Dachfenster 3. Bild\" width=\"200\" height=\"200\" class=\"skip-lazy fg-image\" data-src-fg=\"https:\/\/www.daenzer-dachundholz.ch\/html\/wp-content\/uploads\/cache\/2017\/04\/02_dachfenster-3\/2537976018.jpg\" src=\"data:image\/svg+xml,%3Csvg%20xmlns%3D%22http%3A%2F%2Fwww.w3.org%2F2000%2Fsvg%22%20width%3D%22200%22%20height%3D%22200%22%20viewBox%3D%220%200%20200%20200%22%3E%3C%2Fsvg%3E\" loading=\"eager\"><\/span><span class=\"fg-image-overlay\"><\/span><\/a><figcaption class=\"fg-caption\"><div class=\"fg-caption-inner\"><div class=\"fg-caption-title\">02_dachfenster-3<\/div><\/div><\/figcaption><\/figure><div class=\"fg-loader\"><\/div><\/div><div class=\"fg-item fg-type-image fg-idle\"><figure class=\"fg-item-inner\"><a href=\"https:\/\/www.daenzer-dachundholz.ch\/html\/wp-content\/uploads\/2017\/04\/01_bedachungen-2.jpg\" data-caption-desc=\"Fritz D\u00e4nzer Boltigen - Bedachungen 2. Bild\" data-caption-title=\"01_bedachungen-2\" data-attachment-id=\"345\" data-type=\"image\" class=\"fg-thumb\"><span class=\"fg-image-wrap\"><img decoding=\"async\" alt=\"Fritz D\u00e4nzer Boltigen - Bedachungen 2. Bild\" width=\"200\" height=\"200\" class=\"skip-lazy fg-image\" data-src-fg=\"https:\/\/www.daenzer-dachundholz.ch\/html\/wp-content\/uploads\/cache\/2017\/04\/01_bedachungen-2\/4283259465.jpg\" src=\"data:image\/svg+xml,%3Csvg%20xmlns%3D%22http%3A%2F%2Fwww.w3.org%2F2000%2Fsvg%22%20width%3D%22200%22%20height%3D%22200%22%20viewBox%3D%220%200%20200%20200%22%3E%3C%2Fsvg%3E\" loading=\"eager\"><\/span><span class=\"fg-image-overlay\"><\/span><\/a><figcaption class=\"fg-caption\"><div class=\"fg-caption-inner\"><div class=\"fg-caption-title\">01_bedachungen-2<\/div><\/div><\/figcaption><\/figure><div class=\"fg-loader\"><\/div><\/div><div class=\"fg-item fg-type-image fg-idle\"><figure class=\"fg-item-inner\"><a href=\"https:\/\/www.daenzer-dachundholz.ch\/html\/wp-content\/uploads\/2016\/05\/d\u00e4nzer_digital_003.jpg\" data-caption-title=\"Fritz D\u00e4nzer - Ueber uns - Entwicklung\" data-attachment-id=\"96\" data-type=\"image\" class=\"fg-thumb\"><span class=\"fg-image-wrap\"><img decoding=\"async\" alt=\"Fritz D\u00e4nzer - Ueber uns - Entwicklung\" width=\"200\" height=\"200\" class=\"skip-lazy fg-image\" data-src-fg=\"https:\/\/www.daenzer-dachundholz.ch\/html\/wp-content\/uploads\/cache\/2016\/05\/d\u00e4nzer_digital_003\/1568982716.jpg\" src=\"data:image\/svg+xml,%3Csvg%20xmlns%3D%22http%3A%2F%2Fwww.w3.org%2F2000%2Fsvg%22%20width%3D%22200%22%20height%3D%22200%22%20viewBox%3D%220%200%20200%20200%22%3E%3C%2Fsvg%3E\" loading=\"eager\"><\/span><span class=\"fg-image-overlay\"><\/span><\/a><figcaption class=\"fg-caption\"><div class=\"fg-caption-inner\"><div class=\"fg-caption-title\">Fritz D\u00e4nzer - Ueber uns - Entwicklung<\/div><\/div><\/figcaption><\/figure><div class=\"fg-loader\"><\/div><\/div><div class=\"fg-item fg-type-image fg-idle\"><figure class=\"fg-item-inner\"><a href=\"https:\/\/www.daenzer-dachundholz.ch\/html\/wp-content\/uploads\/2016\/05\/d\u00e4nzer_digital_001.jpg\" data-caption-title=\"Fritz D\u00e4nzer - Ueber uns - Start\" data-attachment-id=\"90\" data-type=\"image\" class=\"fg-thumb\"><span class=\"fg-image-wrap\"><img decoding=\"async\" alt=\"Fritz D\u00e4nzer - Ueber uns - Start\" width=\"200\" height=\"200\" class=\"skip-lazy fg-image\" data-src-fg=\"https:\/\/www.daenzer-dachundholz.ch\/html\/wp-content\/uploads\/cache\/2016\/05\/d\u00e4nzer_digital_001\/159393520.jpg\" src=\"data:image\/svg+xml,%3Csvg%20xmlns%3D%22http%3A%2F%2Fwww.w3.org%2F2000%2Fsvg%22%20width%3D%22200%22%20height%3D%22200%22%20viewBox%3D%220%200%20200%20200%22%3E%3C%2Fsvg%3E\" loading=\"eager\"><\/span><span class=\"fg-image-overlay\"><\/span><\/a><figcaption class=\"fg-caption\"><div class=\"fg-caption-inner\"><div class=\"fg-caption-title\">Fritz D\u00e4nzer - Ueber uns - Start<\/div><\/div><\/figcaption><\/figure><div class=\"fg-loader\"><\/div><\/div><\/div>\n\n<\/div>\n\t\t<\/div><\/div><\/div><\/div>","protected":false},"excerpt":{"rendered":"<p>Wir schaffen auch Ihr Dach. Schauen Sie sich unsere Musterbilder an und entscheiden Sie selbst!<\/p>\n","protected":false},"author":1,"featured_media":0,"parent":47,"menu_order":0,"comment_status":"closed","ping_status":"closed","template":"","meta":{"footnotes":""},"class_list":["post-51","page","type-page","status-publish","hentry"],"_links":{"self":[{"href":"https:\/\/www.daenzer-dachundholz.ch\/html\/wp-json\/wp\/v2\/pages\/51","targetHints":{"allow":["GET"]}}],"collection":[{"href":"https:\/\/www.daenzer-dachundholz.ch\/html\/wp-json\/wp\/v2\/pages"}],"about":[{"href":"https:\/\/www.daenzer-dachundholz.ch\/html\/wp-json\/wp\/v2\/types\/page"}],"author":[{"embeddable":true,"href":"https:\/\/www.daenzer-dachundholz.ch\/html\/wp-json\/wp\/v2\/users\/1"}],"replies":[{"embeddable":true,"href":"https:\/\/www.daenzer-dachundholz.ch\/html\/wp-json\/wp\/v2\/comments?post=51"}],"version-history":[{"count":21,"href":"https:\/\/www.daenzer-dachundholz.ch\/html\/wp-json\/wp\/v2\/pages\/51\/revisions"}],"predecessor-version":[{"id":522,"href":"https:\/\/www.daenzer-dachundholz.ch\/html\/wp-json\/wp\/v2\/pages\/51\/revisions\/522"}],"up":[{"embeddable":true,"href":"https:\/\/www.daenzer-dachundholz.ch\/html\/wp-json\/wp\/v2\/pages\/47"}],"wp:attachment":[{"href":"https:\/\/www.daenzer-dachundholz.ch\/html\/wp-json\/wp\/v2\/media?parent=51"}],"curies":[{"name":"wp","href":"https:\/\/api.w.org\/{rel}","templated":true}]}}